{"id":11502,"date":"2019-03-21T15:20:48","date_gmt":"2019-03-21T20:20:48","guid":{"rendered":"https:\/\/colaeropuerto.edu.co\/web\/?page_id=11502"},"modified":"2019-06-10T15:43:20","modified_gmt":"2019-06-10T20:43:20","slug":"nuestro-colegio","status":"publish","type":"page","link":"https:\/\/colaeropuerto.edu.co\/web\/nuestro-colegio\/","title":{"rendered":"Nuestro Colegio"},"content":{"rendered":"<div class=\"wpb-content-wrapper\"><p>[vc_row][vc_column]<div class=\"thim-widget-heading template-base\"><div class=\"sc_heading  text-center\"><h3 style=\"font-size:35px;font-weight:600;\" class=\"title\">Informaci\u00f3n <strong>Institucional<\/strong><\/h3><\/div><\/div>[\/vc_column][\/vc_row][vc_row css=\u00bb.vc_custom_1559531433775{margin-bottom: 15px !important;}\u00bb][vc_column width=\u00bb5\/12&#8243; css=\u00bb.vc_custom_1553219212365{margin-bottom: 30px !important;}\u00bb][vc_column_text]<\/p>\n<h3 class=\"thim-text-title\">Misi\u00f3n<\/h3>\n<p>Formar personas para afrontar, con actitud prospectiva, los retos de la modernidad mediante el desarrollo de las altas competencias en los distintos saberes con el prop\u00f3sito de estructurar una identidad cultural y un proyecto de vida acorde con el momento hist\u00f3rico y con el contexto social.[\/vc_column_text][\/vc_column][vc_column width=\u00bb7\/12&#8243; css=\u00bb.vc_custom_1553219224890{margin-bottom: 30px !important;}\u00bb][vc_column_text]<\/p>\n<h3 class=\"thim-text-title\">Visi\u00f3n<\/h3>\n<p>La Instituci\u00f3n Educativa COLEGIO MUNICIPAL AEROPUERTO en los pr\u00f3ximos 10 a\u00f1os ser\u00e1 una entidad l\u00edder en la prestaci\u00f3n del servicio, acreditada y certificada en calidad para estudiantes competentes en el \u00e1mbito acad\u00e9mico, laboral, social, cient\u00edfico y tecnol\u00f3gico conforme a los lineamientos del Ministerio de Educaci\u00f3n Nacional.[\/vc_column_text][\/vc_column][\/vc_row][vc_row][vc_column][vc_tta_tabs][vc_tta_section title=\u00bbFILOSOF\u00cdA\u00bb tab_id=\u00bb1553201553639-a4a157b2-0618&#8243;][vc_column_text]La filosof\u00eda de la <strong>Instituci\u00f3n Educativa COLEGIO MUNICIPAL AEROPUERTO<\/strong> est\u00e1 orientada dentro de un car\u00e1cter pluralista, liberador, socializante y democr\u00e1tico; de esta manera busca el conocimiento a trav\u00e9s de la interdisciplinariedad de la ciencia, del arte y de la tecnolog\u00eda, apropiando una serie de aprendizajes significativos, un saber que se exprese en capacidad intelectual y racional y en el an\u00e1lisis de lo social, pol\u00edtico y econ\u00f3mico.La educaci\u00f3n formal se concibe como un proceso para facilitar el desarrollo equilibrado de los seres humanos en los aspectos biol\u00f3gico, psicol\u00f3gico y \u00e9tico, donde los elementos prioritarios son la comunicaci\u00f3n y la convivencia basados en el respeto; el fundamento de la acci\u00f3n pedag\u00f3gica de la instituci\u00f3n se centra en el aprendizaje significativo, basado en la soluci\u00f3n de problemas de la vida cotidiana donde confluyan los diferentes saberes: cient\u00edficos, art\u00edsticos, \u00e9ticos, tecnol\u00f3gicos, t\u00e9cnicos, deportivos, human\u00edsticos y sociales.Por tanto, el Manual de Convivencia es un acuerdo colectivo expresado en compromisos que asume cada uno de los miembros de la comunidad educativa con el objetivo primordial de crear y favorecer ambientes propicios para el desarrollo de la personalidad y la convivencia arm\u00f3nica. Busca se\u00f1alar los principios y normas m\u00ednimas necesarias para la convivencia como seres sociales que son los integrantes de la comunidad educativa, dando oportunidad para superar los errores y fallas, fortaleciendo tanto los logros como los \u00e9xitos sin que sea solo un sistema de est\u00edmulos y castigos.<\/p>\n<p>La Constituci\u00f3n Pol\u00edtica de Colombia rige nuestro actuar como Estado Naci\u00f3n y determina que la responsabilidad de la educaci\u00f3n es compartida por la Familia, la Sociedad y el Estado, adem\u00e1s la Ley General de Educaci\u00f3n nos da las pautas para nuestra organizaci\u00f3n institucional.<\/p>\n<p>Por ello, se hace necesario acordar pautas que regulen nuestras relaciones en convivencia, que comprometan a todos los estamentos de la comunidad: directivos, profesores, estudiantes, padres de familia, personal administrativo y de servicios en una acci\u00f3n conjunta de justicia, paz y solidaridad, es decir, construir un Manual de Convivencia que sea un acuerdo colectivo expresado en compromisos que asume cada uno de los miembros de la comunidad educativa con el objetivo primordial de crear y favorecer ambientes propicios para el desarrollo de la personalidad y la convivencia arm\u00f3nica; que sea una herramienta que contribuya a establecer acuerdos colectivos sobre derechos y deberes de los miembros de la comunidad educativa y la forma como se regulan las relaciones.<\/p>\n<p>Este Pacto de Convivencia, regula las relaciones entre los estamentos de la instituci\u00f3n escolar, para superar las relaciones verticales. Se materializa como fruto de la participaci\u00f3n de los directivos docentes, maestros, estudiantes y padres de familia, donde se determina adem\u00e1s la conformaci\u00f3n de un Gobierno Escolar que tendr\u00e1 entre otras funciones la de promover en la formaci\u00f3n ciudadana, la convivencia, la resoluci\u00f3n pac\u00edfica de los conflictos y el desarrollo pleno de la libre personalidad.<\/p>\n<p>El Manual de Convivencia es un instrumento de cultura ciudadana que tiene en cuenta lo cient\u00edfico, lo \u00e9tico y lo est\u00e9tico, que adopta el establecimiento como coadyuvante b\u00e1sico en la tarea de la transformaci\u00f3n del hombre, donde se aplican estrategias como el buen ejemplo de los adultos, la persuasi\u00f3n, el juicio moral y, la evaluaci\u00f3n mutua con el objeto de formar en los valores como la autonom\u00eda, la actitud ante el cambio, la convivencia, la comunicaci\u00f3n y la democracia participativa.<\/p>\n<p>Adem\u00e1s de lo consignado en este manual existen acuerdos para el trabajo en el aula y por \u00e1rea o asignatura, su concertaci\u00f3n de manera adecuada permite que el grupo se comprometa a su cumplimiento y se reduzcan los conflictos especialmente en la relaci\u00f3n docente-estudiante.<\/p>\n<p>El aula ha dejado de ser un sal\u00f3n de clase para convertirse en un espacio de encuentro consigo mismo, pero tambi\u00e9n entre estudiantes-docentes y otros miembros de la comunidad educativa, en torno a la vivencia particular de cada cual, a sus conflictos, al saber y al conocimiento.[\/vc_column_text][\/vc_tta_section][vc_tta_section title=\u00bbPERFIL ESTUDIANTE\u00bb tab_id=\u00bb1553201553661-4cb8a9a4-11b5&#8243;][vc_column_text]<strong>PERFIL DEL ESTUDIANTE<\/strong><\/p>\n<p>El futuro ciudadano debe dar respuesta a los acontecimientos hist\u00f3ricos, sociales, pol\u00edticos y econ\u00f3micos por los que atraviesa nuestro pa\u00eds y debe ser el producto de un proceso educativo que lo prepare para vivir en comunidad a trav\u00e9s de una econom\u00eda que busque el desarrollo humano mediante la vivencia de diversos valores como la convivencia, el respeto, la tolerancia y la paz.<\/p>\n<p>En la Instituci\u00f3n Educativa COLEGIO MUNICIPAL AEROPUERTO buscamos formar un estudiante que se convierta en protagonista de su propia educaci\u00f3n asumiendo los criterios formativos que el plantel educativo le ofrece con el fin de desarrollar su crecimiento y madurez personal teniendo en cuenta la realidad socioecon\u00f3mica y cultural que lo rodea; por eso nuestro estudiante debe ser:<\/p>\n<p>Un hombre pensante que utilice la raz\u00f3n, mida las consecuencias de sus actos y sea responsable de sus actos, que se atreva a decir aquello que piensa, a vivir de acuerdo a su pensamiento y a decidir de acuerdo a su conciencia.<\/p>\n<p>Que no tema a lo desconocido sino que trabaje y se esfuerce por buscar siempre afianzar sus nexos con la sociedad, la naturaleza, con la paz, con el amor y comprometido consigo mismo y con su comunidad.<\/p>\n<p>Que tenga una visi\u00f3n de proyecci\u00f3n y sea capaz de trascender superando su yo a trav\u00e9s de una jerarqu\u00eda de valores que lo lleven a buscar y a obrar el bien por convicci\u00f3n y no por raz\u00f3n de temor o de utilidad.<\/p>\n<p>Que cultive y desarrolle la sensibilidad, la voluntad, la ternura, la capacidad de goce y de sentimiento que le permitan sobre llevar con dignidad el sufrimiento y vivir intensamente sus emociones y pasiones evitando que le anule la raz\u00f3n y la libertad.<\/p>\n<p>Formarlo en la m\u00e1s alta calidad cient\u00edfica y \u00e9tica desarrollando en \u00e9l la teor\u00eda y la pr\u00e1ctica como parte fundamental de su saber y fortalecer la investigaci\u00f3n en el campo cient\u00edfico.<br \/>\nQue posea la habilidades comunicativas b\u00e1sicas para leer, comprender, escribir y escuchar, hablar y expresarse correctamente para conceptuar, comprender, interpretar, argumentar, analizar, sintetizar y llevar a la praxis el conocimiento de acuerdo a su realidad.<\/p>\n<p>Que haga un manejo correcto y anal\u00edtico de los conocimientos intelectuales y procedimientos l\u00f3gicos adquiridos en cada una de las \u00e1reas, en las diferentes situaciones que la vida le presente.<br \/>\nQue conozca el Manual de Convivencia y se preocupe por el respeto a los derechos fundamentales, a la autoridad leg\u00edtima y a la cultura regional, practicando la convivencia, la tolerancia, la solidaridad, la democracia, el pluralismo y la autonom\u00eda.<\/p>\n<p>Que conozca y valore su cuerpo a trav\u00e9s de pr\u00e1cticas de higiene y salud en beneficio de su armon\u00eda f\u00edsica y mental.<\/p>\n<p>Que asuma una conciencia de conservaci\u00f3n, protecci\u00f3n y mejoramiento del medio ambiente, de la calidad de vida, y del uso racional de los recursos naturales.<\/p>\n<p>Que asuma su funci\u00f3n laboral con responsabilidad y compromiso, como fundamento del desarrollo individual y social.<\/p>\n<p>Que manifieste mediante acciones frente a s\u00ed mismo y a los dem\u00e1s los valores de esta Instituci\u00f3n que le permiten vivir integralmente de una manera[\/vc_column_text][\/vc_tta_section][vc_tta_section title=\u00bbPERFIL DOCENTE\u00bb tab_id=\u00bb1560198018549-51266e8c-358b\u00bb][vc_column_text]<strong>PERFIL DEL EDUCADOR<\/strong><\/p>\n<p>El educador de la Instituci\u00f3n Educativa Colegio Municipal Aeropuerto debe tener como perfil los siguientes aspectos:<\/p>\n<ul>\n<li>Persona conciente de lo que sabe y de lo que ense\u00f1a.<\/li>\n<li>Investigador y multiplicador de la investigaci\u00f3n.<\/li>\n<li>Reflexivo y cr\u00edtico.<\/li>\n<li>Generador de cambios en beneficio de la comunidad educativa.<\/li>\n<li>Practico \u2013 Reflexivo.<\/li>\n<li>Mediador en procesos de ense\u00f1anza \u2013 aprendizaje del educando.<\/li>\n<li>Impulsador de la autonom\u00eda, la reflexi\u00f3n y la comprensi\u00f3n en el proceso de ense\u00f1anza \u2013 aprendizaje del educando.<\/li>\n<li>Orientador en la construcci\u00f3n del desarrollo de valores y conductas dirigidas a la mejora de la convivencia social.<\/li>\n<li>Creativo<\/li>\n<li>Democr\u00e1tico, anal\u00edtico. Sin muestra de discriminaci\u00f3n o xenofobia.<\/li>\n<li>Tolerante y flexible para entender y comprender al educando.<\/li>\n<li>Solidario con sus compa\u00f1eros y educandos.<\/li>\n<li>Participativo en la creaci\u00f3n del conocimiento pedag\u00f3gico, en la pol\u00edtica curricular, en la toma de decisiones respecto a los procesos formativos y educativos que le incumben.<\/li>\n<li>Ejemplo de vida en los aspectos culturales, sociales, religiosos y pol\u00edticos como modelo de imitaci\u00f3n.<\/li>\n<\/ul>\n<p>[\/vc_column_text][\/vc_tta_section][vc_tta_section title=\u00bbRESE\u00d1A SEDE PRINCIPAL\u00bb tab_id=\u00bb1553202116208-8d028f78-28a5&#8243;][vc_column_text]<\/p>\n<h3 class=\"thim-text-title\"><strong>COLEGIO MUNICIPAL AEROPUERTO<\/strong><\/h3>\n<p>Inici\u00f3 con el nombre de ESCUELA JULIO RINC\u00d3N, desarrollando labores educativas en 1.975 en el antiguo sindicato de loteros y su nombre posiblemente se debe a un l\u00edder sindical sacrificado en Cali, seg\u00fan historias y memorias de legendarios l\u00edderes de la regi\u00f3n. Para ese entonces se atend\u00edan 62 estudiantes con la profesora Fanny Quintero.<\/p>\n<p>La raz\u00f3n social fue trasladada del centro de la ciudad a la invasi\u00f3n del Barrio Aeropuerto. Funcion\u00f3 en un comienzo en la calle 6 con avenida segunda, en 1979. A\u00f1os m\u00e1s tarde funcion\u00f3 en el sal\u00f3n comunal.<br \/>\nEn 1981 llega a la direcci\u00f3n el Lic. Jos\u00e9 Antonio Prieto Mart\u00ednez. En 1983 fue ubicada en un terreno asignado por la Junta de Acci\u00f3n Comunal en una Manzana se\u00f1alizada actualmente como calles 9 y10 entre avenidas 2 y 3 del Barrio Aeropuerto. Hasta 1991 solo se ofrec\u00eda Primaria. A partir del a\u00f1o 1.992 con las profesoras Rosmira Alvarez Navarro y Nubia Stella Su\u00e1rez Mart\u00ednez se inicia el grado de Preescolar.<\/p>\n<p>Luego asumieron la direcci\u00f3n Patricia Esther Vargas (Hasta 1.993) y Nubia Amparo Bustos de la Rosa en 1994. A partir de 1.995 hasta 1.997 fue director el licenciado Jos\u00e9 Antonio Hern\u00e1ndez Carvajal. En este proceso fue donde se gest\u00f3 la creaci\u00f3n del Colegio Municipal del Aeropuerto para ofrecer la Educaci\u00f3n B\u00e1sica Secundaria y Media Acad\u00e9mica. Creado el Colegio asumi\u00f3 la rector\u00eda y queda con funciones como director el licenciado Omar Palencia en la Escuela Julio Rinc\u00f3n.<\/p>\n<p>Por la necesidad y demanda de alumnos la Junta de Acci\u00f3n Comunal compr\u00f3 los terrenos y con la se\u00f1ora Carmen Teresa Villamizar de Pe\u00f1a y la licenciada Aura Rinc\u00f3n elaboraron un proyecto que fue impulsado por Edgar Cuadros siendo concejal apoyados por la secretar\u00eda de Educaci\u00f3n y la Alcald\u00eda, as\u00ed nace el primer colegio del barrio, jornada subsidiada y en 1991 funcion\u00f3 all\u00ed el Colegio Metropolitano jornada de la tarde y 1991-1992 jornada de la noche, con planta de personal por contrato y el convenio se renovaba todos los a\u00f1os.<\/p>\n<p>El 26 de Noviembre de 1996 mediante acuerdo 0043 del Honorable Consejo Municipal de C\u00facuta, se cre\u00f3 el COLEGIO MUNICIPAL DE BACHILLERATO BARRIO AEROPUERTO, acto administrativo que fue sancionado por PAUSELINO CAMARGO PARADA (Q. E. P. D) Alcalde Municipal y la valiosa colaboraci\u00f3n de FRANCELENA NAVA CORREA, Secretaria de Educaci\u00f3n Municipal para la \u00e9poca. El naciente colegio por acuerdo celebrado en el Consejo Directivo se determin\u00f3 que su funcionamiento ser\u00eda en la planta f\u00edsica de la escuela Julio Rinc\u00f3n jornada de la tarde, quedando preescolar y b\u00e1sica primaria en la jornada de la ma\u00f1ana y simult\u00e1neo nace tambi\u00e9n el COLEGIO MUNICIPAL DE BACHILLERATO NOCTURNO en la misma sede.<\/p>\n<p>En el a\u00f1o 1.997 en el mes de Noviembre es proclamada la primera promoci\u00f3n de bachilleres acad\u00e9micos gradu\u00e1ndose 34 estudiantes.<\/p>\n<p>Ya organizada la jornada diurna, la administraci\u00f3n departamental nombra rector del COLEGIO NOCTURNO al D.r Carlos Julio Mora Pe\u00f1aloza en 1.998.<\/p>\n<p>En el 2001 asume la rector\u00eda de las tres jornadas por encargo el licenciado Jos\u00e9 Antonio Hern\u00e1ndez y en el 2003 es nombrado en propiedad y se constituye en INSTITUCION EDUCATIVA COLEGIO MUNICIPAL AEROPUERTO por decreto de la Secretar\u00eda De Educaci\u00f3n del Departamento. Se fusionaron los Centros educativos: Escuela Integrada Julio Rinc\u00f3n, Escuela Luis Carlos Gal\u00e1n Sarmiento, Colegio B\u00e1sico Toledo Plata, Colegio B\u00e1sico Virgilio Barco y Escuela Rural Los Peracos. Se suprimi\u00f3 mediante el mismo decreto el Colegio Municipal Nocturno Aeropuerto.<br \/>\nActualmente se atienden m\u00e1s de 1.900 alumnos desde transici\u00f3n hasta el grado once.[\/vc_column_text][\/vc_tta_section][vc_tta_section title=\u00bbRESE\u00d1A SEDE VIRGILIO BARCO\u00bb tab_id=\u00bb1553203450656-a52e943b-1e54&#8243;][vc_column_text]<strong>VIRGILIO BARCO<\/strong><\/p>\n<p>Esta escuela inici\u00f3 con un aula siendo directora la se\u00f1ora Maria Ofelia Villamizar de Vera y la docente Filomena C. como escuela rural y se atend\u00edan alumnos hasta el grado 5\u00ba primaria. Hacia el a\u00f1o 1989, CORPONOR aport\u00f3 recursos y con gestiones de la junta de padres de familia en cabeza del se\u00f1or Luis Elpidio Camar\u00f3n se construy\u00f3 la bater\u00eda sanitaria y el encerramiento.<br \/>\nEn 1990 se inici\u00f3 la construcci\u00f3n de dos aulas m\u00e1s y el aula m\u00faltiple. En 1992 asume la direcci\u00f3n Hemel Hern\u00e1ndez Salcedo durante 6 meses y luego lleg\u00f3 Juan Hern\u00e1ndez en per\u00edodo transitorio.<\/p>\n<p>Hacia el a\u00f1o 1993 es directora la licenciada Roc\u00edo Santaf\u00e9 quien impuls\u00f3 la pavimentaci\u00f3n del patio de recreo y gestion\u00f3 el funcionamiento del comedor estudiantil.<\/p>\n<p>Hacia el a\u00f1o 1994 lleg\u00f3 como director licenciado Reyes Alirio D\u00edaz Beltr\u00e1n antecedido por Abelardo Ni\u00f1o en un per\u00edodo transitorio.<\/p>\n<p>Se adelantaron proyectos de compra de terreno y construcci\u00f3n de un aula para preescolar y otras aulas, se paviment\u00f3 todo el patio de recreo. Compr\u00f3 el terreno para construir el comedor del barrio.<br \/>\nHacia el a\u00f1o 2000 llega en permuta como director el licenciado Manuel Humberto Hern\u00e1ndez, impuls\u00f3 la construcci\u00f3n de la direcci\u00f3n del plantel, sala de profesores, rescat\u00f3 proyectos de construcci\u00f3n de otra aula, repavimentaci\u00f3n del patio de recreo, remodelaci\u00f3n de la bater\u00eda sanitaria y terminaci\u00f3n del muro en ladrillo para encerramiento de la escuela. Con el aporte del municipio se construye la cancha para b\u00e1squetbol, negocia junto con la Acci\u00f3n Comunal y Asociaci\u00f3n de Padres de Familia el lote para la construcci\u00f3n del comedor infantil con impulso del concejal Prieto y alumnos de la Universidad Francisco de Paula Santander como proyecto de grado.<\/p>\n<p>Se da la fusi\u00f3n en el 2002 con el Colegio General Municipal Aeropuerto y queda como sede Virgilio Barco.<\/p>\n<p>Actualmente se cuenta con docentes en propiedad que atienden alumnos de preescolar hasta 7\u00ba grado y aproximadamente 800 alumnos.[\/vc_column_text][\/vc_tta_section][vc_tta_section title=\u00bbRESE\u00d1A SEDE LUIS CARLOS GALAN\u00bb tab_id=\u00bb1560197912668-b69320e6-eb33&#8243;][vc_column_text]<strong>LUIS CARLOS GALAN<\/strong><\/p>\n<p>Hacia el a\u00f1o 1990 se inicia la construcci\u00f3n de dos salones y en 1991 empieza a funcionar siendo directora Elizabeth D\u00edaz Delgado con 5 docentes atendiendo de preescolar a 5\u00ba grado.<br \/>\nSe trabajaba en las dos jornadas puesto que los salones no eran suficientes y se emplearon algunas casas como salones, cada grupo era de 35 alumnos.<\/p>\n<p>En 1992 llega la licenciada Mar\u00eda Ligia Bernal como directora y 6 docentes hasta el a\u00f1o 1995 cuando se construyen dos aulas y la bater\u00eda sanitaria con aportes de ECOPETROL y 6 docentes de la U. F. P. S.<\/p>\n<p>En 1996 se construyen dos aulas y en 1997 dos aulas m\u00e1s con aportes del municipio.<\/p>\n<p>Actualmente tiene 8 aulas y 11 docentes. En el a\u00f1o 2003 se construye la bater\u00eda sanitaria.<\/p>\n<p>En este mismo a\u00f1o se fusiona a la Instituci\u00f3n Educativa COLEGIO MUNICIPAL AEROPUERTO quedando como sede Luis Carlos Gal\u00e1n.<\/p>\n<p>Actualmente cuenta con 14 docentes atendiendo alumnos de preescolar a 5\u00ba grado de primaria en las dos jornadas.[\/vc_column_text][\/vc_tta_section][\/vc_tta_tabs][\/vc_column][\/vc_row][vc_row][vc_column css=\u00bb.vc_custom_1560199042735{margin-bottom: 33px !important;padding-bottom: 33px !important;}\u00bb]<div class=\"thim-widget-heading template-base\"><div class=\"sc_heading  text-center\"><h3 class=\"title\">S\u00cdMBOLOS INSTITUCIONALES<\/h3><\/div><\/div>[vc_row_inner][vc_column_inner width=\u00bb1\/3&#8243; css=\u00bb.vc_custom_1560199097182{margin-top: 30px !important;}\u00bb][vc_column_text]<\/p>\n<h3 class=\"thim-text-title\" style=\"text-align: center;\">BANDERA<\/h3>\n<p>[\/vc_column_text][vc_single_image image=\u00bb11702&#8243; alignment=\u00bbcenter\u00bb css=\u00bb.vc_custom_1560199147743{margin-top: 30px !important;}\u00bb][\/vc_column_inner][vc_column_inner width=\u00bb1\/3&#8243;][\/vc_column_inner][vc_column_inner width=\u00bb1\/3&#8243; css=\u00bb.vc_custom_1560199109242{margin-top: 30px !important;}\u00bb][vc_column_text]<\/p>\n<h3 class=\"thim-text-title\" style=\"text-align: center;\">ESCUDO<\/h3>\n<p>[\/vc_column_text][vc_single_image image=\u00bb11692&#8243; alignment=\u00bbcenter\u00bb css=\u00bb.vc_custom_1560199157462{margin-top: 30px !important;}\u00bb][\/vc_column_inner][\/vc_row_inner][\/vc_column][\/vc_row][vc_row full_width=\u00bbstretch_row_content_no_spaces\u00bb css=\u00bb.vc_custom_1560198634480{background-color: #89e5ba !important;}\u00bb][vc_column][vc_row_inner][vc_column_inner]<div class=\"thim-widget-heading template-base\"><div class=\"sc_heading  text-center\"><h3 class=\"title\"><strong>Himno<\/strong> Institucional<\/h3><span class=\"line\"><\/span><\/div><\/div>[\/vc_column_inner][\/vc_row_inner][vc_row_inner][vc_column_inner width=\u00bb1\/3&#8243;]<div class=\"thim-widget-heading template-base\"><div class=\"sc_heading  text-center\"><h3 class=\"title\">CORO<\/h3><span class=\"line\"><\/span><\/div><\/div>[vc_column_text]<\/p>\n<div style=\"text-align: center;\">Caminemos todos unidos<br \/>\nen busca de nuestro ideal,<br \/>\njunto a padres y nuestros maestros,<br \/>\npor sabidur\u00eda y claridad.<\/div>\n<div style=\"text-align: center;\"><\/div>\n<p>[\/vc_column_text]<div class=\"thim-widget-heading template-base\"><div class=\"sc_heading  text-center\"><h3 class=\"title\">III<\/h3><span class=\"line\"><\/span><\/div><\/div>[vc_column_text]<\/p>\n<div style=\"text-align: center;\">Como el cielo, monta\u00f1as y los mares<br \/>\nEl creador dio a nosotros la raz\u00f3n.<br \/>\nA mis padres, maestros la confianza<br \/>\nLe agradecemos mi buena educaci\u00f3n.<\/div>\n<p>[\/vc_column_text][\/vc_column_inner][vc_column_inner width=\u00bb1\/3&#8243;]<div class=\"thim-widget-heading template-base\"><div class=\"sc_heading  text-center\"><h3 class=\"title\">I<\/h3><span class=\"line\"><\/span><\/div><\/div>[vc_column_text]<\/p>\n<div style=\"text-align: center;\">El colegio municipal nos brinda<br \/>\nun nuevo hogar lleno de cordialidad.<br \/>\nProfesores que irradian teor\u00edas<br \/>\ncaminos claros y de serenidad<\/div>\n<p>[\/vc_column_text]<div class=\"thim-widget-heading template-base\"><div class=\"sc_heading  text-center\"><h3 class=\"title\">IV<\/h3><span class=\"line\"><\/span><\/div><\/div>[vc_column_text]<\/p>\n<div style=\"text-align: center;\">Compa\u00f1eros llegamos a la meta<br \/>\nllevando en alto mi escudo y mi valor<br \/>\nobteniendo grandes triunfos, alegr\u00edas<br \/>\na mi colegio, a mi Dios y a mi naci\u00f3n.<\/div>\n<p>[\/vc_column_text][\/vc_column_inner][vc_column_inner width=\u00bb1\/3&#8243;]<div class=\"thim-widget-heading template-base\"><div class=\"sc_heading  text-center\"><h3 class=\"title\">II<\/h3><span class=\"line\"><\/span><\/div><\/div>[vc_column_text]<\/p>\n<div style=\"text-align: center;\">El orgullo del barrio Aeropuerto<br \/>\nes forjar con valor y gran tes\u00f3n<br \/>\nbachilleres con nobleza en abundancia<br \/>\nentendimiento, valor y virtud.<\/div>\n<p>[\/vc_column_text][\/vc_column_inner][\/vc_row_inner][\/vc_column][\/vc_row]<\/p>\n<\/div>","protected":false},"excerpt":{"rendered":"<p>[vc_row][vc_column][\/vc_column][\/vc_row][vc_row css=\u00bb.vc_custom_1559531433775{margin-bottom: 15px !important;}\u00bb][vc_column width=\u00bb5\/12&#8243; css=\u00bb.vc_custom_1553219212365{margin-bottom: 30px !important;}\u00bb][vc_column_text] Misi\u00f3n Formar personas para afrontar, con actitud prospectiva, los retos de la modernidad mediante el desarrollo de las altas competencias en los distintos saberes con el prop\u00f3sito de estructurar una identidad cultural &hellip; <\/p>\n","protected":false},"author":1,"featured_media":0,"parent":0,"menu_order":0,"comment_status":"closed","ping_status":"closed","template":"","meta":{"footnotes":""},"class_list":["post-11502","page","type-page","status-publish","hentry"],"_links":{"self":[{"href":"https:\/\/colaeropuerto.edu.co\/web\/wp-json\/wp\/v2\/pages\/11502","targetHints":{"allow":["GET"]}}],"collection":[{"href":"https:\/\/colaeropuerto.edu.co\/web\/wp-json\/wp\/v2\/pages"}],"about":[{"href":"https:\/\/colaeropuerto.edu.co\/web\/wp-json\/wp\/v2\/types\/page"}],"author":[{"embeddable":true,"href":"https:\/\/colaeropuerto.edu.co\/web\/wp-json\/wp\/v2\/users\/1"}],"replies":[{"embeddable":true,"href":"https:\/\/colaeropuerto.edu.co\/web\/wp-json\/wp\/v2\/comments?post=11502"}],"version-history":[{"count":14,"href":"https:\/\/colaeropuerto.edu.co\/web\/wp-json\/wp\/v2\/pages\/11502\/revisions"}],"predecessor-version":[{"id":11734,"href":"https:\/\/colaeropuerto.edu.co\/web\/wp-json\/wp\/v2\/pages\/11502\/revisions\/11734"}],"wp:attachment":[{"href":"https:\/\/colaeropuerto.edu.co\/web\/wp-json\/wp\/v2\/media?parent=11502"}],"curies":[{"name":"wp","href":"https:\/\/api.w.org\/{rel}","templated":true}]}}